{"id":3603,"date":"2018-12-03T16:33:13","date_gmt":"2018-12-03T16:33:13","guid":{"rendered":"https:\/\/transylvaniaopen.ro\/faq\/"},"modified":"2022-08-18T06:38:07","modified_gmt":"2022-08-18T06:38:07","slug":"faq","status":"publish","type":"page","link":"https:\/\/transylvaniaopen.ro\/ro\/faq\/","title":{"rendered":"FAQ"},"content":{"rendered":"<p>[vc_row][vc_column]<div class=\"gt-dropdown\"><div class=\"gt-panel-group\" id=\"faq-accardion\" role=\"tablist\" aria-multiselectable=\"true\"><div class=\"gt-panel\"><div class=\"gt-panel-heading\" role=\"tab\" id=\"#faq-heading-278533\"><a role=\"button\" data-toggle=\"collapse\" data-parent=\"#faq-accardion\" href=\"#faq-collapse-278533\" aria-expanded=\"true\" aria-controls=\"faq-collapse-278533\">Cum pot ob\u021bine bilete la turneu?<svg xmlns=\"http:\/\/www.w3.org\/2000\/svg\" viewBox=\"0 0 24 24\" fill=\"none\" stroke=\"currentColor\" stroke-width=\"2\" stroke-linecap=\"round\" stroke-linejoin=\"round\"><polyline points=\"6 9 12 15 18 9\"><\/polyline><\/svg><\/a><\/div><div id=\"faq-collapse-278533\" class=\"gt-panel-collapse collapse show\" role=\"tabpanel\" aria-labelledby=\"faq-heading-278533\"><div class=\"gt-panel-body\"><p>Biletele pot fi cump\u0103rate de la partenerul nostru de ticketing entertix.ro.<\/p>\n<\/div><\/div><\/div><div class=\"gt-panel\"><div class=\"gt-panel-heading\" role=\"tab\" id=\"#faq-heading-518408\"><a role=\"button\" data-toggle=\"collapse\" data-parent=\"#faq-accardion\" href=\"#faq-collapse-518408\" aria-expanded=\"true\" aria-controls=\"faq-collapse-518408\"> Cum pot cump\u0103ra bilete la meciurile de la Terenul 2?<svg xmlns=\"http:\/\/www.w3.org\/2000\/svg\" viewBox=\"0 0 24 24\" fill=\"none\" stroke=\"currentColor\" stroke-width=\"2\" stroke-linecap=\"round\" stroke-linejoin=\"round\"><polyline points=\"6 9 12 15 18 9\"><\/polyline><\/svg><\/a><\/div><div id=\"faq-collapse-518408\" class=\"gt-panel-collapse collapse\" role=\"tabpanel\" aria-labelledby=\"faq-heading-518408\"><div class=\"gt-panel-body\"><p>Biletele achizi\u021bionate la TERENUL CENTRAL, care au identificatori de categorie, r\u00e2nd \u0219i loc, permit accesul \u0219i la Terenul 2. La Terenul 2 pute\u021bi ocupa orice loc liber.<\/p>\n<\/div><\/div><\/div><div class=\"gt-panel\"><div class=\"gt-panel-heading\" role=\"tab\" id=\"#faq-heading-653361\"><a role=\"button\" data-toggle=\"collapse\" data-parent=\"#faq-accardion\" href=\"#faq-collapse-653361\" aria-expanded=\"true\" aria-controls=\"faq-collapse-653361\">Persoanele cu handicap au acces la meciuri?<svg xmlns=\"http:\/\/www.w3.org\/2000\/svg\" viewBox=\"0 0 24 24\" fill=\"none\" stroke=\"currentColor\" stroke-width=\"2\" stroke-linecap=\"round\" stroke-linejoin=\"round\"><polyline points=\"6 9 12 15 18 9\"><\/polyline><\/svg><\/a><\/div><div id=\"faq-collapse-653361\" class=\"gt-panel-collapse collapse\" role=\"tabpanel\" aria-labelledby=\"faq-heading-653361\"><div class=\"gt-panel-body\"><p>Da, \u00een limitele locurilor dedicate din sal\u0103. Rampe \u0219i alte facilit\u0103\u021bi pentru scaunele cu rotile sunt disponibile \u00een loca\u021bie. Pute\u021bi solicita bilete scriind pe adresa catalin.suteu@entertix.ro.<\/p>\n<\/div><\/div><\/div><div class=\"gt-panel\"><div class=\"gt-panel-heading\" role=\"tab\" id=\"#faq-heading-95510\"><a role=\"button\" data-toggle=\"collapse\" data-parent=\"#faq-accardion\" href=\"#faq-collapse-95510\" aria-expanded=\"true\" aria-controls=\"faq-collapse-95510\">Pot s\u0103 \u00eemi cump\u0103r bilet \u00een ziua meciului de la BT Arena?<svg xmlns=\"http:\/\/www.w3.org\/2000\/svg\" viewBox=\"0 0 24 24\" fill=\"none\" stroke=\"currentColor\" stroke-width=\"2\" stroke-linecap=\"round\" stroke-linejoin=\"round\"><polyline points=\"6 9 12 15 18 9\"><\/polyline><\/svg><\/a><\/div><div id=\"faq-collapse-95510\" class=\"gt-panel-collapse collapse\" role=\"tabpanel\" aria-labelledby=\"faq-heading-95510\"><div class=\"gt-panel-body\"><p>Da, \u00een limita locurilor disponibile. \u00cen eventualitatea \u00een care ziua \u00een care dori\u021bi s\u0103 intra\u021bi la meciuri este SOLD OUT, nu vor fi bilete puse \u00een v\u00e2nzare la BT arena.<\/p>\n<\/div><\/div><\/div><div class=\"gt-panel\"><div class=\"gt-panel-heading\" role=\"tab\" id=\"#faq-heading-664609\"><a role=\"button\" data-toggle=\"collapse\" data-parent=\"#faq-accardion\" href=\"#faq-collapse-664609\" aria-expanded=\"true\" aria-controls=\"faq-collapse-664609\">Copiii au nevoie de bilet?<svg xmlns=\"http:\/\/www.w3.org\/2000\/svg\" viewBox=\"0 0 24 24\" fill=\"none\" stroke=\"currentColor\" stroke-width=\"2\" stroke-linecap=\"round\" stroke-linejoin=\"round\"><polyline points=\"6 9 12 15 18 9\"><\/polyline><\/svg><\/a><\/div><div id=\"faq-collapse-664609\" class=\"gt-panel-collapse collapse\" role=\"tabpanel\" aria-labelledby=\"faq-heading-664609\"><div class=\"gt-panel-body\"><p>Competi\u021bia permite accesul gratuit pentru minorii cu v\u00e2rsta sub 6 ani, cu condi\u021bia s\u0103 fie \u021binu\u021bi \u00een bra\u021be de adul\u021bii care \u00eei \u00eenso\u021besc. Regula este c\u0103 un adult poate intra cu un singur copil cu v\u00e2rsta sub 6 ani. Copiii care au \u00eemplinit 6 ani au nevoie de bilet pentru a intra \u00een sal\u0103, la turneu.<\/p>\n<\/div><\/div><\/div><div class=\"gt-panel\"><div class=\"gt-panel-heading\" role=\"tab\" id=\"#faq-heading-764492\"><a role=\"button\" data-toggle=\"collapse\" data-parent=\"#faq-accardion\" href=\"#faq-collapse-764492\" aria-expanded=\"true\" aria-controls=\"faq-collapse-764492\">Rev\u00e2nzarea biletelor?<svg xmlns=\"http:\/\/www.w3.org\/2000\/svg\" viewBox=\"0 0 24 24\" fill=\"none\" stroke=\"currentColor\" stroke-width=\"2\" stroke-linecap=\"round\" stroke-linejoin=\"round\"><polyline points=\"6 9 12 15 18 9\"><\/polyline><\/svg><\/a><\/div><div id=\"faq-collapse-764492\" class=\"gt-panel-collapse collapse\" role=\"tabpanel\" aria-labelledby=\"faq-heading-764492\"><div class=\"gt-panel-body\"><p>Nu este recomandat\u0103 achizi\u021bionarea de bilete de la ter\u021bi sau de la al\u021bi v\u00e2nz\u0103tori de bilete (ex. Viagogo).<\/p>\n<\/div><\/div><\/div><div class=\"gt-panel\"><div class=\"gt-panel-heading\" role=\"tab\" id=\"#faq-heading-934868\"><a role=\"button\" data-toggle=\"collapse\" data-parent=\"#faq-accardion\" href=\"#faq-collapse-934868\" aria-expanded=\"true\" aria-controls=\"faq-collapse-934868\">Calific\u0103rile se joac\u0103 cu public? Este nevoie de bilet pentru aceast\u0103 etap\u0103?<svg xmlns=\"http:\/\/www.w3.org\/2000\/svg\" viewBox=\"0 0 24 24\" fill=\"none\" stroke=\"currentColor\" stroke-width=\"2\" stroke-linecap=\"round\" stroke-linejoin=\"round\"><polyline points=\"6 9 12 15 18 9\"><\/polyline><\/svg><\/a><\/div><div id=\"faq-collapse-934868\" class=\"gt-panel-collapse collapse\" role=\"tabpanel\" aria-labelledby=\"faq-heading-934868\"><div class=\"gt-panel-body\"><p>Da. 8 octormbrie este ziua 1 de calific\u0103ri, 9 octombrie este ziua 2 de calific\u0103ri, iar biletele pentru aceast\u0103 etap\u0103 pot fi cump\u0103rate tot de pe entertix.ro.<\/p>\n<\/div><\/div><\/div><\/div><\/div>[\/vc_column][\/vc_row]<\/p>\n","protected":false},"excerpt":{"rendered":"<p>[vc_row][vc_column][\/vc_column][\/vc_row]<\/p>\n","protected":false},"author":1,"featured_media":0,"parent":0,"menu_order":0,"comment_status":"closed","ping_status":"closed","template":"","meta":[],"yoast_head":"<!-- This site is optimized with the Yoast SEO plugin v20.3 - https:\/\/yoast.com\/wordpress\/plugins\/seo\/ -->\n<title>FAQ - Transylvania Open 31 ianuarie - 7 februarie 2026<\/title>\n<meta name=\"robots\" content=\"index, follow, max-snippet:-1, max-image-preview:large, max-video-preview:-1\" \/>\n<link rel=\"canonical\" href=\"https:\/\/transylvaniaopen.ro\/ro\/faq\/\" \/>\n<meta property=\"og:locale\" content=\"ro_RO\" \/>\n<meta property=\"og:type\" content=\"article\" \/>\n<meta property=\"og:title\" content=\"FAQ - Transylvania Open 31 ianuarie - 7 februarie 2026\" \/>\n<meta property=\"og:description\" content=\"[vc_row][vc_column][\/vc_column][\/vc_row]\" \/>\n<meta property=\"og:url\" content=\"https:\/\/transylvaniaopen.ro\/ro\/faq\/\" \/>\n<meta property=\"og:site_name\" content=\"Transylvania Open 31 ianuarie - 7 februarie 2026\" \/>\n<meta property=\"article:publisher\" content=\"https:\/\/www.facebook.com\/TransylvaniaOpen\" \/>\n<meta property=\"article:modified_time\" content=\"2022-08-18T06:38:07+00:00\" \/>\n<meta property=\"og:image\" content=\"https:\/\/transylvaniaopen.ro\/wp-content\/uploads\/2023\/06\/WhatsApp-Image-2023-06-19-at-16.22.22.jpeg\" \/>\n\t<meta property=\"og:image:width\" content=\"1600\" \/>\n\t<meta property=\"og:image:height\" content=\"900\" \/>\n\t<meta property=\"og:image:type\" content=\"image\/jpeg\" \/>\n<meta name=\"twitter:card\" content=\"summary_large_image\" \/>\n<meta name=\"twitter:label1\" content=\"Timp estimat pentru citire\" \/>\n\t<meta name=\"twitter:data1\" content=\"1 minut\" \/>\n<script type=\"application\/ld+json\" class=\"yoast-schema-graph\">{\"@context\":\"https:\/\/schema.org\",\"@graph\":[{\"@type\":\"WebPage\",\"@id\":\"https:\/\/transylvaniaopen.ro\/ro\/faq\/\",\"url\":\"https:\/\/transylvaniaopen.ro\/ro\/faq\/\",\"name\":\"FAQ - Transylvania Open 31 ianuarie - 7 februarie 2026\",\"isPartOf\":{\"@id\":\"https:\/\/transylvaniaopen.ro\/#website\"},\"datePublished\":\"2018-12-03T16:33:13+00:00\",\"dateModified\":\"2022-08-18T06:38:07+00:00\",\"breadcrumb\":{\"@id\":\"https:\/\/transylvaniaopen.ro\/ro\/faq\/#breadcrumb\"},\"inLanguage\":\"ro-RO\",\"potentialAction\":[{\"@type\":\"ReadAction\",\"target\":[\"https:\/\/transylvaniaopen.ro\/ro\/faq\/\"]}]},{\"@type\":\"BreadcrumbList\",\"@id\":\"https:\/\/transylvaniaopen.ro\/ro\/faq\/#breadcrumb\",\"itemListElement\":[{\"@type\":\"ListItem\",\"position\":1,\"name\":\"Home\",\"item\":\"https:\/\/transylvaniaopen.ro\/ro\/\"},{\"@type\":\"ListItem\",\"position\":2,\"name\":\"FAQ\"}]},{\"@type\":\"WebSite\",\"@id\":\"https:\/\/transylvaniaopen.ro\/#website\",\"url\":\"https:\/\/transylvaniaopen.ro\/\",\"name\":\"Transylvania Open 31 ianuarie - 7 februarie 2026\",\"description\":\"\",\"publisher\":{\"@id\":\"https:\/\/transylvaniaopen.ro\/#organization\"},\"potentialAction\":[{\"@type\":\"SearchAction\",\"target\":{\"@type\":\"EntryPoint\",\"urlTemplate\":\"https:\/\/transylvaniaopen.ro\/?s={search_term_string}\"},\"query-input\":\"required name=search_term_string\"}],\"inLanguage\":\"ro-RO\"},{\"@type\":\"Organization\",\"@id\":\"https:\/\/transylvaniaopen.ro\/#organization\",\"name\":\"Transylvania Open WTA 250\",\"url\":\"https:\/\/transylvaniaopen.ro\/\",\"logo\":{\"@type\":\"ImageObject\",\"inLanguage\":\"ro-RO\",\"@id\":\"https:\/\/transylvaniaopen.ro\/#\/schema\/logo\/image\/\",\"url\":\"https:\/\/transylvaniaopen.ro\/wp-content\/uploads\/2021\/09\/POZA-ARTICOL-2.jpeg\",\"contentUrl\":\"https:\/\/transylvaniaopen.ro\/wp-content\/uploads\/2021\/09\/POZA-ARTICOL-2.jpeg\",\"width\":1600,\"height\":900,\"caption\":\"Transylvania Open WTA 250\"},\"image\":{\"@id\":\"https:\/\/transylvaniaopen.ro\/#\/schema\/logo\/image\/\"},\"sameAs\":[\"https:\/\/www.facebook.com\/TransylvaniaOpen\",\"https:\/\/www.instagram.com\/transylvaniaopen\/\",\"https:\/\/www.youtube.com\/@TransylvaniaOpen\"]}]}<\/script>\n<!-- \/ Yoast SEO plugin. -->","yoast_head_json":{"title":"FAQ - Transylvania Open 31 ianuarie - 7 februarie 2026","robots":{"index":"index","follow":"follow","max-snippet":"max-snippet:-1","max-image-preview":"max-image-preview:large","max-video-preview":"max-video-preview:-1"},"canonical":"https:\/\/transylvaniaopen.ro\/ro\/faq\/","og_locale":"ro_RO","og_type":"article","og_title":"FAQ - Transylvania Open 31 ianuarie - 7 februarie 2026","og_description":"[vc_row][vc_column][\/vc_column][\/vc_row]","og_url":"https:\/\/transylvaniaopen.ro\/ro\/faq\/","og_site_name":"Transylvania Open 31 ianuarie - 7 februarie 2026","article_publisher":"https:\/\/www.facebook.com\/TransylvaniaOpen","article_modified_time":"2022-08-18T06:38:07+00:00","og_image":[{"width":1600,"height":900,"url":"https:\/\/transylvaniaopen.ro\/wp-content\/uploads\/2023\/06\/WhatsApp-Image-2023-06-19-at-16.22.22.jpeg","type":"image\/jpeg"}],"twitter_card":"summary_large_image","twitter_misc":{"Timp estimat pentru citire":"1 minut"},"schema":{"@context":"https:\/\/schema.org","@graph":[{"@type":"WebPage","@id":"https:\/\/transylvaniaopen.ro\/ro\/faq\/","url":"https:\/\/transylvaniaopen.ro\/ro\/faq\/","name":"FAQ - Transylvania Open 31 ianuarie - 7 februarie 2026","isPartOf":{"@id":"https:\/\/transylvaniaopen.ro\/#website"},"datePublished":"2018-12-03T16:33:13+00:00","dateModified":"2022-08-18T06:38:07+00:00","breadcrumb":{"@id":"https:\/\/transylvaniaopen.ro\/ro\/faq\/#breadcrumb"},"inLanguage":"ro-RO","potentialAction":[{"@type":"ReadAction","target":["https:\/\/transylvaniaopen.ro\/ro\/faq\/"]}]},{"@type":"BreadcrumbList","@id":"https:\/\/transylvaniaopen.ro\/ro\/faq\/#breadcrumb","itemListElement":[{"@type":"ListItem","position":1,"name":"Home","item":"https:\/\/transylvaniaopen.ro\/ro\/"},{"@type":"ListItem","position":2,"name":"FAQ"}]},{"@type":"WebSite","@id":"https:\/\/transylvaniaopen.ro\/#website","url":"https:\/\/transylvaniaopen.ro\/","name":"Transylvania Open 31 ianuarie - 7 februarie 2026","description":"","publisher":{"@id":"https:\/\/transylvaniaopen.ro\/#organization"},"potentialAction":[{"@type":"SearchAction","target":{"@type":"EntryPoint","urlTemplate":"https:\/\/transylvaniaopen.ro\/?s={search_term_string}"},"query-input":"required name=search_term_string"}],"inLanguage":"ro-RO"},{"@type":"Organization","@id":"https:\/\/transylvaniaopen.ro\/#organization","name":"Transylvania Open WTA 250","url":"https:\/\/transylvaniaopen.ro\/","logo":{"@type":"ImageObject","inLanguage":"ro-RO","@id":"https:\/\/transylvaniaopen.ro\/#\/schema\/logo\/image\/","url":"https:\/\/transylvaniaopen.ro\/wp-content\/uploads\/2021\/09\/POZA-ARTICOL-2.jpeg","contentUrl":"https:\/\/transylvaniaopen.ro\/wp-content\/uploads\/2021\/09\/POZA-ARTICOL-2.jpeg","width":1600,"height":900,"caption":"Transylvania Open WTA 250"},"image":{"@id":"https:\/\/transylvaniaopen.ro\/#\/schema\/logo\/image\/"},"sameAs":["https:\/\/www.facebook.com\/TransylvaniaOpen","https:\/\/www.instagram.com\/transylvaniaopen\/","https:\/\/www.youtube.com\/@TransylvaniaOpen"]}]}},"_links":{"self":[{"href":"https:\/\/transylvaniaopen.ro\/ro\/wp-json\/wp\/v2\/pages\/3603"}],"collection":[{"href":"https:\/\/transylvaniaopen.ro\/ro\/wp-json\/wp\/v2\/pages"}],"about":[{"href":"https:\/\/transylvaniaopen.ro\/ro\/wp-json\/wp\/v2\/types\/page"}],"author":[{"embeddable":true,"href":"https:\/\/transylvaniaopen.ro\/ro\/wp-json\/wp\/v2\/users\/1"}],"replies":[{"embeddable":true,"href":"https:\/\/transylvaniaopen.ro\/ro\/wp-json\/wp\/v2\/comments?post=3603"}],"version-history":[{"count":10,"href":"https:\/\/transylvaniaopen.ro\/ro\/wp-json\/wp\/v2\/pages\/3603\/revisions"}],"predecessor-version":[{"id":7289,"href":"https:\/\/transylvaniaopen.ro\/ro\/wp-json\/wp\/v2\/pages\/3603\/revisions\/7289"}],"wp:attachment":[{"href":"https:\/\/transylvaniaopen.ro\/ro\/wp-json\/wp\/v2\/media?parent=3603"}],"curies":[{"name":"wp","href":"https:\/\/api.w.org\/{rel}","templated":true}]}}