{"id":3780,"date":"2021-06-28T18:47:39","date_gmt":"2021-06-28T18:47:39","guid":{"rendered":"https:\/\/transylvaniaopen.ro\/press\/"},"modified":"2025-12-23T08:35:01","modified_gmt":"2025-12-23T08:35:01","slug":"media","status":"publish","type":"page","link":"https:\/\/transylvaniaopen.ro\/ro\/media\/","title":{"rendered":"Media"},"content":{"rendered":"<p>[vc_row disable_element=&#8221;yes&#8221;][vc_column][vc_empty_space height=&#8221;50px&#8221;]<div class=\"gt-heading gt-dark gt-size2 gt-align-center\"><div class=\"gt-title\">COMING SOON<\/div><div class=\"gt-separate\"><svg xmlns=\"http:\/\/www.w3.org\/2000\/svg\" viewBox=\"0 0 24 24\" fill=\"none\" stroke=\"currentColor\" stroke-width=\"2\" stroke-linecap=\"round\" stroke-linejoin=\"round\"><path d=\"M21 16V8a2 2 0 0 0-1-1.73l-7-4a2 2 0 0 0-2 0l-7 4A2 2 0 0 0 3 8v8a2 2 0 0 0 1 1.73l7 4a2 2 0 0 0 2 0l7-4A2 2 0 0 0 21 16z\"><\/path><polyline points=\"3.27 6.96 12 12.01 20.73 6.96\"><\/polyline><line x1=\"12\" y1=\"22.08\" x2=\"12\" y2=\"12\"><\/line><\/svg><\/div><\/div>[vc_empty_space height=&#8221;50px&#8221;][\/vc_column][\/vc_row][vc_row][vc_column offset=&#8221;vc_hidden-lg vc_hidden-md&#8221;][vc_empty_space height=&#8221;50px&#8221;][\/vc_column][\/vc_row][vc_row][vc_column offset=&#8221;vc_col-md-offset-2 vc_col-md-8&#8243;]<div class=\"gt-heading gt-dark gt-size1 gt-align-center\"><div class=\"gt-title\">Acredit\u0103ri <span>de pres\u0103<\/span><\/div><div class=\"gt-separate\"><i class=\"far fa-id-badge\"><\/i><\/div><\/div>[vc_empty_space height=&#8221;15px&#8221;][vc_column_text]<\/p>\n<p style=\"text-align: center;\">Procesul de acreditare va fi deschis \u00een perioada 23 decembrie 2025 &#8211; 12 ianuarie 2026.<br \/>\nReprezentan\u021bii presei care doresc s\u0103 se acrediteze trebuie s\u0103 completeze formularul de mai jos \u0219i s\u0103 urmeze pa\u0219ii:<br \/>\nAPLIC\u0102 AICI -&gt; Tournament PIN: <strong>Clujnapoca2026 <\/strong>-&gt; Choose a category -&gt; PRESS -&gt; Request for Credential -&gt; Submit<\/p>\n<p>[\/vc_column_text][vc_column_text css=&#8221;.vc_custom_1766439075437{border: 2px solid !important;border-radius: 5px !important;}&#8221;]<\/p>\n<p style=\"text-align: center;\"><strong>IMPORTANT!<\/strong><br \/>\n<strong>La prima categorie din chestionar &#8211; IDENTITY &#8211; v\u0103 rug\u0103m s\u0103 completa\u021bi astfel:<\/strong><\/p>\n<p style=\"text-align: center;\"><strong>FIRST NAME<\/strong> &#8211; prenume, nume;<br \/>\n<strong>LAST NAME<\/strong> &#8211; institu\u021bia \/ agen\u021bia de pres\u0103;<br \/>\n<strong>PRIMARY E-MAIL<\/strong> &#8211; adresa de e-mail, v\u0103 rug\u0103m s\u0103 verifica\u021bi de dou\u0103 ori c\u0103 e scris\u0103 corect;<br \/>\n<strong>PHOTO<\/strong> &#8211; poz\u0103 PORTRET recent\u0103, cadru neutru, cu fa\u021ba clar vizibil\u0103, tip legitima\u021bie.<\/p>\n<p>[\/vc_column_text][vc_column_text]<\/p>\n<p style=\"text-align: center;\">* La subcategoria NOTES v\u0103 rug\u0103m s\u0103 preciza\u021bi din nou institu\u021bia media, al\u0103turi de link c\u0103tre site-ul oficial, func\u021bia pe care o de\u021bine\u021bi (jurnalist\/fotograf\/cameraman) \u0219i dac\u0103 dori\u021bi s\u0103 aplica\u021bi pentru o acreditare virtual\u0103 sau fizic\u0103 la turneu<\/p>\n<p>[\/vc_column_text]<div class=\"gt-button gt-style-1 gt-align-center gt-inline-false gt-margin-false\"><a href=\"https:\/\/wtauno.com\/tournament\/forms\" target=\"_blank\"><span>APLIC\u0102 AICI<\/span><\/a><\/div>[vc_empty_space height=&#8221;15px&#8221;][vc_column_text]<\/p>\n<p style=\"text-align: center;\"><em><strong>Solicit\u0103rile completate gre\u0219it sau incorect nu vor fi luate \u00een considerare.<\/strong><\/em><\/p>\n<p style=\"text-align: center;\">Locurile disponibile presei sunt limitate, iar organizatorul \u00ee\u0219i rezerv\u0103 dreptul de a selecta persoanele acreditate la eveniment.<br \/>\nFiecare institu\u021bie media poate acredita un reprezentant, maxim doi \u0219i doar \u00een formula: 1 jurnalist + 1 fotograf sau 1 jurnalist + 1 cameraman.<br \/>\nAcredit\u0103rile media sunt rezervate strict pentru reprezentan\u021bii mass-media (reporteri, fotoreporteri, redactori radio \u0219i TV, echipe radio \u0219i TV, jurnali\u0219ti online, coresponden\u021bi str\u0103ini \u0219i coresponden\u021bi ai agen\u021biilor de pres\u0103). Paginile de Facebook sau blogurile nu sunt considerate institu\u021bii media!<\/p>\n<p style=\"text-align: center;\">Condi\u021biile de acceptare a solicit\u0103rii sunt con\u021binute \u00een documentul Politica de acreditare mass-media care poate fi consultat acces\u00e2nd link-ul de mai jos.<\/p>\n<p>[\/vc_column_text]<div class=\"gt-button gt-style-1 gt-align-center gt-inline-false gt-margin-false\"><a href=\"https:\/\/transylvaniaopen.ro\/wp-content\/uploads\/2025\/12\/Politica-acreditare-Media-TO2026.docx.pdf\" target=\"_blank\"><span>Politica de acreditare mass-media<\/span><\/a><\/div>[vc_empty_space height=&#8221;35px&#8221;][vc_column_text]<\/p>\n<p style=\"text-align: center;\">Bianca Somlea<br \/>\nPR Specialist<br \/>\n<a href=\"tel:0744 844 792\">0744 844 792<\/a><br \/>\n<a href=\"mailto:media@transylvaniaopen.ro\">media@transylvaniaopen.ro<\/a><\/p>\n<p>[\/vc_column_text][vc_empty_space height=&#8221;35px&#8221;][\/vc_column][\/vc_row][vc_row full_width=&#8221;stretch_row&#8221; equal_height=&#8221;yes&#8221; content_placement=&#8221;middle&#8221; disable_element=&#8221;yes&#8221; css=&#8221;.vc_custom_1696514029077{background-color: #19192d !important;}&#8221;][vc_column][vc_empty_space height=&#8221;5px&#8221;][\/vc_column][vc_column offset=&#8221;vc_col-lg-8 vc_col-md-8 vc_col-xs-12&#8243;]<div class=\"gt-heading gt-white gt-size1 gt-align-left\"><div class=\"gt-title\">Ob\u021bine <span>acreditarea de pres\u0103<\/span><\/div><div class=\"gt-text\">Completeaz\u0103 formularul online de acreditare Transylvania Open 2023<\/div><\/div>[\/vc_column][vc_column offset=&#8221;vc_col-lg-4 vc_col-md-4 vc_col-xs-12&#8243;]<div class=\"gt-button gt-style-1 gt-align-right gt-inline-false gt-margin-false\"><a href=\"https:\/\/wtauno.com\/tournament\/forms\" target=\"_blank\"><span>APLIC\u0102 AICI<\/span><\/a><\/div>[\/vc_column][vc_column][vc_empty_space height=&#8221;35px&#8221;][\/vc_column][\/vc_row][vc_row full_width=&#8221;stretch_row&#8221; disable_element=&#8221;yes&#8221; css=&#8221;.vc_custom_1687175161783{background-color: #f6f6f6 !important;}&#8221;][vc_column offset=&#8221;vc_col-md-offset-2 vc_col-md-8&#8243;][vc_empty_space height=&#8221;35px&#8221;]<div class=\"gt-heading gt-dark gt-size1 gt-align-center\"><div class=\"gt-title\">Comunicate <span>de presa<\/span><\/div><div class=\"gt-separate\"><i class=\"fas fa-newspaper\"><\/i><\/div><\/div>[vc_empty_space height=&#8221;20px&#8221;][\/vc_column][\/vc_row][vc_row full_width=&#8221;stretch_row&#8221; disable_element=&#8221;yes&#8221; css=&#8221;.vc_custom_1687175166682{background-color: #f6f6f6 !important;}&#8221;][vc_column offset=&#8221;vc_col-md-offset-3 vc_col-md-6&#8243;]<div class='vxm-comunicate-wrapper'><article id=\"post-10151\" role=\"article\">\n                    <a href=\"https:\/\/transylvaniaopen.ro\/wp-content\/uploads\/2023\/11\/CP_Gabriela-Ruse-si-Mara-Gae-primesc-WD-la-Transylvania-Open.docx\" download> \n                        <div class=\"comunicat-presa\">\n                            <p class=\"release-title\">Gabriela Ruse \u0219i Mara Gae, WC la TO<\/p>\n                            <i class=\"fas fa-file-download\"><\/i>\n                        <\/div>\t\t\t\t\t\n                    <\/a>\n                <\/article><!-- #post-## --><article id=\"post-9225\" role=\"article\">\n                    <a href=\"\" download> \n                        <div class=\"comunicat-presa\">\n                            <p class=\"release-title\">Juca\u0306toare de top la Transylvania Open 2023!<\/p>\n                            <i class=\"fas fa-file-download\"><\/i>\n                        <\/div>\t\t\t\t\t\n                    <\/a>\n                <\/article><!-- #post-## --><article id=\"post-9222\" role=\"article\">\n                    <a href=\"\" download> \n                        <div class=\"comunicat-presa\">\n                            <p class=\"release-title\">Transylvania Open, sub \u00cenaltul Patronaj al Majest\u0103\u021bii Sale Margareta<\/p>\n                            <i class=\"fas fa-file-download\"><\/i>\n                        <\/div>\t\t\t\t\t\n                    <\/a>\n                <\/article><!-- #post-## --><article id=\"post-9218\" role=\"article\">\n                    <a href=\"\" download> \n                        <div class=\"comunicat-presa\">\n                            <p class=\"release-title\">Transylvania Open 2023. PREMIER\u0102: Sorana C\u00eerstea va juca la Cluj!<\/p>\n                            <i class=\"fas fa-file-download\"><\/i>\n                        <\/div>\t\t\t\t\t\n                    <\/a>\n                <\/article><!-- #post-## --><\/div>[vc_empty_space height=&#8221;35px&#8221;][\/vc_column][\/vc_row]<\/p>\n","protected":false},"excerpt":{"rendered":"<p>[vc_row disable_element=&#8221;yes&#8221;][vc_column][vc_empty_space height=&#8221;50px&#8221;][vc_empty_space height=&#8221;50px&#8221;][\/vc_column][\/vc_row][vc_row][vc_column offset=&#8221;vc_hidden-lg vc_hidden-md&#8221;][vc_empty_space height=&#8221;50px&#8221;][\/vc_column][\/vc_row][vc_row][vc_column offset=&#8221;vc_col-md-offset-2 vc_col-md-8&#8243;][vc_empty_space height=&#8221;15px&#8221;][vc_column_text] Procesul de acreditare va fi deschis \u00een perioada 23 decembrie 2025 &#8211; 12 ianuarie 2026. Reprezentan\u021bii presei care doresc s\u0103 se acrediteze trebuie s\u0103 completeze formularul de mai jos \u0219i&#8230;<\/p>\n","protected":false},"author":4,"featured_media":0,"parent":0,"menu_order":0,"comment_status":"closed","ping_status":"closed","template":"","meta":[],"yoast_head":"<!-- This site is optimized with the Yoast SEO plugin v20.3 - https:\/\/yoast.com\/wordpress\/plugins\/seo\/ -->\n<title>Media - Transylvania Open 31 ianuarie - 7 februarie 2026<\/title>\n<meta name=\"robots\" content=\"index, follow, max-snippet:-1, max-image-preview:large, max-video-preview:-1\" \/>\n<link rel=\"canonical\" href=\"https:\/\/transylvaniaopen.ro\/ro\/media\/\" \/>\n<meta property=\"og:locale\" content=\"ro_RO\" \/>\n<meta property=\"og:type\" content=\"article\" \/>\n<meta property=\"og:title\" content=\"Media - Transylvania Open 31 ianuarie - 7 februarie 2026\" \/>\n<meta property=\"og:description\" content=\"[vc_row disable_element=&#8221;yes&#8221;][vc_column][vc_empty_space height=&#8221;50px&#8221;][vc_empty_space height=&#8221;50px&#8221;][\/vc_column][\/vc_row][vc_row][vc_column offset=&#8221;vc_hidden-lg vc_hidden-md&#8221;][vc_empty_space height=&#8221;50px&#8221;][\/vc_column][\/vc_row][vc_row][vc_column offset=&#8221;vc_col-md-offset-2 vc_col-md-8&#8243;][vc_empty_space height=&#8221;15px&#8221;][vc_column_text] Procesul de acreditare va fi deschis \u00een perioada 23 decembrie 2025 &#8211; 12 ianuarie 2026. Reprezentan\u021bii presei care doresc s\u0103 se acrediteze trebuie s\u0103 completeze formularul de mai jos \u0219i...\" \/>\n<meta property=\"og:url\" content=\"https:\/\/transylvaniaopen.ro\/ro\/media\/\" \/>\n<meta property=\"og:site_name\" content=\"Transylvania Open 31 ianuarie - 7 februarie 2026\" \/>\n<meta property=\"article:publisher\" content=\"https:\/\/www.facebook.com\/TransylvaniaOpen\" \/>\n<meta property=\"article:modified_time\" content=\"2025-12-23T08:35:01+00:00\" \/>\n<meta property=\"og:image\" content=\"https:\/\/transylvaniaopen.ro\/wp-content\/uploads\/2023\/06\/WhatsApp-Image-2023-06-19-at-16.22.22.jpeg\" \/>\n\t<meta property=\"og:image:width\" content=\"1600\" \/>\n\t<meta property=\"og:image:height\" content=\"900\" \/>\n\t<meta property=\"og:image:type\" content=\"image\/jpeg\" \/>\n<meta name=\"twitter:card\" content=\"summary_large_image\" \/>\n<meta name=\"twitter:label1\" content=\"Timp estimat pentru citire\" \/>\n\t<meta name=\"twitter:data1\" content=\"2 minute\" \/>\n<script type=\"application\/ld+json\" class=\"yoast-schema-graph\">{\"@context\":\"https:\/\/schema.org\",\"@graph\":[{\"@type\":\"WebPage\",\"@id\":\"https:\/\/transylvaniaopen.ro\/ro\/media\/\",\"url\":\"https:\/\/transylvaniaopen.ro\/ro\/media\/\",\"name\":\"Media - Transylvania Open 31 ianuarie - 7 februarie 2026\",\"isPartOf\":{\"@id\":\"https:\/\/transylvaniaopen.ro\/#website\"},\"datePublished\":\"2021-06-28T18:47:39+00:00\",\"dateModified\":\"2025-12-23T08:35:01+00:00\",\"breadcrumb\":{\"@id\":\"https:\/\/transylvaniaopen.ro\/ro\/media\/#breadcrumb\"},\"inLanguage\":\"ro-RO\",\"potentialAction\":[{\"@type\":\"ReadAction\",\"target\":[\"https:\/\/transylvaniaopen.ro\/ro\/media\/\"]}]},{\"@type\":\"BreadcrumbList\",\"@id\":\"https:\/\/transylvaniaopen.ro\/ro\/media\/#breadcrumb\",\"itemListElement\":[{\"@type\":\"ListItem\",\"position\":1,\"name\":\"Home\",\"item\":\"https:\/\/transylvaniaopen.ro\/ro\/\"},{\"@type\":\"ListItem\",\"position\":2,\"name\":\"Media\"}]},{\"@type\":\"WebSite\",\"@id\":\"https:\/\/transylvaniaopen.ro\/#website\",\"url\":\"https:\/\/transylvaniaopen.ro\/\",\"name\":\"Transylvania Open 31 ianuarie - 7 februarie 2026\",\"description\":\"\",\"publisher\":{\"@id\":\"https:\/\/transylvaniaopen.ro\/#organization\"},\"potentialAction\":[{\"@type\":\"SearchAction\",\"target\":{\"@type\":\"EntryPoint\",\"urlTemplate\":\"https:\/\/transylvaniaopen.ro\/?s={search_term_string}\"},\"query-input\":\"required name=search_term_string\"}],\"inLanguage\":\"ro-RO\"},{\"@type\":\"Organization\",\"@id\":\"https:\/\/transylvaniaopen.ro\/#organization\",\"name\":\"Transylvania Open WTA 250\",\"url\":\"https:\/\/transylvaniaopen.ro\/\",\"logo\":{\"@type\":\"ImageObject\",\"inLanguage\":\"ro-RO\",\"@id\":\"https:\/\/transylvaniaopen.ro\/#\/schema\/logo\/image\/\",\"url\":\"https:\/\/transylvaniaopen.ro\/wp-content\/uploads\/2021\/09\/POZA-ARTICOL-2.jpeg\",\"contentUrl\":\"https:\/\/transylvaniaopen.ro\/wp-content\/uploads\/2021\/09\/POZA-ARTICOL-2.jpeg\",\"width\":1600,\"height\":900,\"caption\":\"Transylvania Open WTA 250\"},\"image\":{\"@id\":\"https:\/\/transylvaniaopen.ro\/#\/schema\/logo\/image\/\"},\"sameAs\":[\"https:\/\/www.facebook.com\/TransylvaniaOpen\",\"https:\/\/www.instagram.com\/transylvaniaopen\/\",\"https:\/\/www.youtube.com\/@TransylvaniaOpen\"]}]}<\/script>\n<!-- \/ Yoast SEO plugin. -->","yoast_head_json":{"title":"Media - Transylvania Open 31 ianuarie - 7 februarie 2026","robots":{"index":"index","follow":"follow","max-snippet":"max-snippet:-1","max-image-preview":"max-image-preview:large","max-video-preview":"max-video-preview:-1"},"canonical":"https:\/\/transylvaniaopen.ro\/ro\/media\/","og_locale":"ro_RO","og_type":"article","og_title":"Media - Transylvania Open 31 ianuarie - 7 februarie 2026","og_description":"[vc_row disable_element=&#8221;yes&#8221;][vc_column][vc_empty_space height=&#8221;50px&#8221;][vc_empty_space height=&#8221;50px&#8221;][\/vc_column][\/vc_row][vc_row][vc_column offset=&#8221;vc_hidden-lg vc_hidden-md&#8221;][vc_empty_space height=&#8221;50px&#8221;][\/vc_column][\/vc_row][vc_row][vc_column offset=&#8221;vc_col-md-offset-2 vc_col-md-8&#8243;][vc_empty_space height=&#8221;15px&#8221;][vc_column_text] Procesul de acreditare va fi deschis \u00een perioada 23 decembrie 2025 &#8211; 12 ianuarie 2026. Reprezentan\u021bii presei care doresc s\u0103 se acrediteze trebuie s\u0103 completeze formularul de mai jos \u0219i...","og_url":"https:\/\/transylvaniaopen.ro\/ro\/media\/","og_site_name":"Transylvania Open 31 ianuarie - 7 februarie 2026","article_publisher":"https:\/\/www.facebook.com\/TransylvaniaOpen","article_modified_time":"2025-12-23T08:35:01+00:00","og_image":[{"width":1600,"height":900,"url":"https:\/\/transylvaniaopen.ro\/wp-content\/uploads\/2023\/06\/WhatsApp-Image-2023-06-19-at-16.22.22.jpeg","type":"image\/jpeg"}],"twitter_card":"summary_large_image","twitter_misc":{"Timp estimat pentru citire":"2 minute"},"schema":{"@context":"https:\/\/schema.org","@graph":[{"@type":"WebPage","@id":"https:\/\/transylvaniaopen.ro\/ro\/media\/","url":"https:\/\/transylvaniaopen.ro\/ro\/media\/","name":"Media - Transylvania Open 31 ianuarie - 7 februarie 2026","isPartOf":{"@id":"https:\/\/transylvaniaopen.ro\/#website"},"datePublished":"2021-06-28T18:47:39+00:00","dateModified":"2025-12-23T08:35:01+00:00","breadcrumb":{"@id":"https:\/\/transylvaniaopen.ro\/ro\/media\/#breadcrumb"},"inLanguage":"ro-RO","potentialAction":[{"@type":"ReadAction","target":["https:\/\/transylvaniaopen.ro\/ro\/media\/"]}]},{"@type":"BreadcrumbList","@id":"https:\/\/transylvaniaopen.ro\/ro\/media\/#breadcrumb","itemListElement":[{"@type":"ListItem","position":1,"name":"Home","item":"https:\/\/transylvaniaopen.ro\/ro\/"},{"@type":"ListItem","position":2,"name":"Media"}]},{"@type":"WebSite","@id":"https:\/\/transylvaniaopen.ro\/#website","url":"https:\/\/transylvaniaopen.ro\/","name":"Transylvania Open 31 ianuarie - 7 februarie 2026","description":"","publisher":{"@id":"https:\/\/transylvaniaopen.ro\/#organization"},"potentialAction":[{"@type":"SearchAction","target":{"@type":"EntryPoint","urlTemplate":"https:\/\/transylvaniaopen.ro\/?s={search_term_string}"},"query-input":"required name=search_term_string"}],"inLanguage":"ro-RO"},{"@type":"Organization","@id":"https:\/\/transylvaniaopen.ro\/#organization","name":"Transylvania Open WTA 250","url":"https:\/\/transylvaniaopen.ro\/","logo":{"@type":"ImageObject","inLanguage":"ro-RO","@id":"https:\/\/transylvaniaopen.ro\/#\/schema\/logo\/image\/","url":"https:\/\/transylvaniaopen.ro\/wp-content\/uploads\/2021\/09\/POZA-ARTICOL-2.jpeg","contentUrl":"https:\/\/transylvaniaopen.ro\/wp-content\/uploads\/2021\/09\/POZA-ARTICOL-2.jpeg","width":1600,"height":900,"caption":"Transylvania Open WTA 250"},"image":{"@id":"https:\/\/transylvaniaopen.ro\/#\/schema\/logo\/image\/"},"sameAs":["https:\/\/www.facebook.com\/TransylvaniaOpen","https:\/\/www.instagram.com\/transylvaniaopen\/","https:\/\/www.youtube.com\/@TransylvaniaOpen"]}]}},"_links":{"self":[{"href":"https:\/\/transylvaniaopen.ro\/ro\/wp-json\/wp\/v2\/pages\/3780"}],"collection":[{"href":"https:\/\/transylvaniaopen.ro\/ro\/wp-json\/wp\/v2\/pages"}],"about":[{"href":"https:\/\/transylvaniaopen.ro\/ro\/wp-json\/wp\/v2\/types\/page"}],"author":[{"embeddable":true,"href":"https:\/\/transylvaniaopen.ro\/ro\/wp-json\/wp\/v2\/users\/4"}],"replies":[{"embeddable":true,"href":"https:\/\/transylvaniaopen.ro\/ro\/wp-json\/wp\/v2\/comments?post=3780"}],"version-history":[{"count":37,"href":"https:\/\/transylvaniaopen.ro\/ro\/wp-json\/wp\/v2\/pages\/3780\/revisions"}],"predecessor-version":[{"id":12248,"href":"https:\/\/transylvaniaopen.ro\/ro\/wp-json\/wp\/v2\/pages\/3780\/revisions\/12248"}],"wp:attachment":[{"href":"https:\/\/transylvaniaopen.ro\/ro\/wp-json\/wp\/v2\/media?parent=3780"}],"curies":[{"name":"wp","href":"https:\/\/api.w.org\/{rel}","templated":true}]}}